{"id":287,"date":"2026-01-05T22:45:45","date_gmt":"2026-01-05T22:45:45","guid":{"rendered":"https:\/\/titulaciones.cftmaule.cl\/?page_id=287"},"modified":"2026-01-06T14:42:47","modified_gmt":"2026-01-06T14:42:47","slug":"titulacion-tns-operacion-y-mantencion-de-sistemas-de-riego","status":"publish","type":"page","link":"https:\/\/titulaciones.cftmaule.cl\/?page_id=287","title":{"rendered":"Titulaci\u00f3n TNS Operaci\u00f3n y Mantenci\u00f3n de Sistemas de Riego"},"content":{"rendered":"\n<figure class=\"wp-block-gallery has-nested-images columns-2 is-cropped wp-block-gallery-1 is-layout-flex wp-block-gallery-is-layout-flex\">\n<figure data-wp-context=\"{&quot;imageId&quot;:&quot;69fd0a40b07e4&quot;}\" data-wp-interactive=\"core\/image\" data-wp-key=\"69fd0a40b07e4\" class=\"wp-block-image size-large wp-lightbox-container\"><img loading=\"lazy\" decoding=\"async\" width=\"1024\" height=\"576\" data-wp-class--hide=\"state.isContentHidden\" data-wp-class--show=\"state.isContentVisible\" data-wp-init=\"callbacks.setButtonStyles\" data-wp-on--click=\"actions.showLightbox\" data-wp-on--load=\"callbacks.setButtonStyles\" data-wp-on-window--resize=\"callbacks.setButtonStyles\" data-id=\"245\" src=\"https:\/\/titulaciones.cftmaule.cl\/wp-content\/uploads\/2026\/01\/DSC05409-1024x576.jpg\" alt=\"\" class=\"wp-image-245\" srcset=\"https:\/\/titulaciones.cftmaule.cl\/wp-content\/uploads\/2026\/01\/DSC05409-1024x576.jpg 1024w, https:\/\/titulaciones.cftmaule.cl\/wp-content\/uploads\/2026\/01\/DSC05409-300x169.jpg 300w, https:\/\/titulaciones.cftmaule.cl\/wp-content\/uploads\/2026\/01\/DSC05409-768x432.jpg 768w, https:\/\/titulaciones.cftmaule.cl\/wp-content\/uploads\/2026\/01\/DSC05409-1536x864.jpg 1536w, https:\/\/titulaciones.cftmaule.cl\/wp-content\/uploads\/2026\/01\/DSC05409-2048x1152.jpg 2048w\" sizes=\"auto, (max-width: 1024px) 100vw, 1024px\" \/><button\n\t\t\tclass=\"lightbox-trigger\"\n\t\t\ttype=\"button\"\n\t\t\taria-haspopup=\"dialog\"\n\t\t\taria-label=\"Agrandar\"\n\t\t\tdata-wp-init=\"callbacks.initTriggerButton\"\n\t\t\tdata-wp-on--click=\"actions.showLightbox\"\n\t\t\tdata-wp-style--right=\"state.imageButtonRight\"\n\t\t\tdata-wp-style--top=\"state.imageButtonTop\"\n\t\t>\n\t\t\t<svg xmlns=\"http:\/\/www.w3.org\/2000\/svg\" width=\"12\" height=\"12\" fill=\"none\" viewBox=\"0 0 12 12\">\n\t\t\t\t<path fill=\"#fff\" d=\"M2 0a2 2 0 0 0-2 2v2h1.5V2a.5.5 0 0 1 .5-.5h2V0H2Zm2 10.5H2a.5.5 0 0 1-.5-.5V8H0v2a2 2 0 0 0 2 2h2v-1.5ZM8 12v-1.5h2a.5.5 0 0 0 .5-.5V8H12v2a2 2 0 0 1-2 2H8Zm2-12a2 2 0 0 1 2 2v2h-1.5V2a.5.5 0 0 0-.5-.5H8V0h2Z\" \/>\n\t\t\t<\/svg>\n\t\t<\/button><\/figure>\n\n\n\n<figure data-wp-context=\"{&quot;imageId&quot;:&quot;69fd0a40b1447&quot;}\" data-wp-interactive=\"core\/image\" data-wp-key=\"69fd0a40b1447\" class=\"wp-block-image size-large wp-lightbox-container\"><img loading=\"lazy\" decoding=\"async\" width=\"1024\" height=\"576\" data-wp-class--hide=\"state.isContentHidden\" data-wp-class--show=\"state.isContentVisible\" data-wp-init=\"callbacks.setButtonStyles\" data-wp-on--click=\"actions.showLightbox\" data-wp-on--load=\"callbacks.setButtonStyles\" data-wp-on-window--resize=\"callbacks.setButtonStyles\" data-id=\"246\" src=\"https:\/\/titulaciones.cftmaule.cl\/wp-content\/uploads\/2026\/01\/DSC05406-1024x576.jpg\" alt=\"\" class=\"wp-image-246\" srcset=\"https:\/\/titulaciones.cftmaule.cl\/wp-content\/uploads\/2026\/01\/DSC05406-1024x576.jpg 1024w, https:\/\/titulaciones.cftmaule.cl\/wp-content\/uploads\/2026\/01\/DSC05406-300x169.jpg 300w, https:\/\/titulaciones.cftmaule.cl\/wp-content\/uploads\/2026\/01\/DSC05406-768x432.jpg 768w, https:\/\/titulaciones.cftmaule.cl\/wp-content\/uploads\/2026\/01\/DSC05406-1536x864.jpg 1536w, https:\/\/titulaciones.cftmaule.cl\/wp-content\/uploads\/2026\/01\/DSC05406-2048x1152.jpg 2048w\" sizes=\"auto, (max-width: 1024px) 100vw, 1024px\" \/><button\n\t\t\tclass=\"lightbox-trigger\"\n\t\t\ttype=\"button\"\n\t\t\taria-haspopup=\"dialog\"\n\t\t\taria-label=\"Agrandar\"\n\t\t\tdata-wp-init=\"callbacks.initTriggerButton\"\n\t\t\tdata-wp-on--click=\"actions.showLightbox\"\n\t\t\tdata-wp-style--right=\"state.imageButtonRight\"\n\t\t\tdata-wp-style--top=\"state.imageButtonTop\"\n\t\t>\n\t\t\t<svg xmlns=\"http:\/\/www.w3.org\/2000\/svg\" width=\"12\" height=\"12\" fill=\"none\" viewBox=\"0 0 12 12\">\n\t\t\t\t<path fill=\"#fff\" d=\"M2 0a2 2 0 0 0-2 2v2h1.5V2a.5.5 0 0 1 .5-.5h2V0H2Zm2 10.5H2a.5.5 0 0 1-.5-.5V8H0v2a2 2 0 0 0 2 2h2v-1.5ZM8 12v-1.5h2a.5.5 0 0 0 .5-.5V8H12v2a2 2 0 0 1-2 2H8Zm2-12a2 2 0 0 1 2 2v2h-1.5V2a.5.5 0 0 0-.5-.5H8V0h2Z\" \/>\n\t\t\t<\/svg>\n\t\t<\/button><\/figure>\n\n\n\n<figure data-wp-context=\"{&quot;imageId&quot;:&quot;69fd0a40b2276&quot;}\" data-wp-interactive=\"core\/image\" data-wp-key=\"69fd0a40b2276\" class=\"wp-block-image size-large wp-lightbox-container\"><img loading=\"lazy\" decoding=\"async\" width=\"1024\" height=\"576\" data-wp-class--hide=\"state.isContentHidden\" data-wp-class--show=\"state.isContentVisible\" data-wp-init=\"callbacks.setButtonStyles\" data-wp-on--click=\"actions.showLightbox\" data-wp-on--load=\"callbacks.setButtonStyles\" data-wp-on-window--resize=\"callbacks.setButtonStyles\" data-id=\"247\" src=\"https:\/\/titulaciones.cftmaule.cl\/wp-content\/uploads\/2026\/01\/DSC05402-1024x576.jpg\" alt=\"\" class=\"wp-image-247\" srcset=\"https:\/\/titulaciones.cftmaule.cl\/wp-content\/uploads\/2026\/01\/DSC05402-1024x576.jpg 1024w, https:\/\/titulaciones.cftmaule.cl\/wp-content\/uploads\/2026\/01\/DSC05402-300x169.jpg 300w, https:\/\/titulaciones.cftmaule.cl\/wp-content\/uploads\/2026\/01\/DSC05402-768x432.jpg 768w, https:\/\/titulaciones.cftmaule.cl\/wp-content\/uploads\/2026\/01\/DSC05402-1536x864.jpg 1536w, https:\/\/titulaciones.cftmaule.cl\/wp-content\/uploads\/2026\/01\/DSC05402-2048x1152.jpg 2048w\" sizes=\"auto, (max-width: 1024px) 100vw, 1024px\" \/><button\n\t\t\tclass=\"lightbox-trigger\"\n\t\t\ttype=\"button\"\n\t\t\taria-haspopup=\"dialog\"\n\t\t\taria-label=\"Agrandar\"\n\t\t\tdata-wp-init=\"callbacks.initTriggerButton\"\n\t\t\tdata-wp-on--click=\"actions.showLightbox\"\n\t\t\tdata-wp-style--right=\"state.imageButtonRight\"\n\t\t\tdata-wp-style--top=\"state.imageButtonTop\"\n\t\t>\n\t\t\t<svg xmlns=\"http:\/\/www.w3.org\/2000\/svg\" width=\"12\" height=\"12\" fill=\"none\" viewBox=\"0 0 12 12\">\n\t\t\t\t<path fill=\"#fff\" d=\"M2 0a2 2 0 0 0-2 2v2h1.5V2a.5.5 0 0 1 .5-.5h2V0H2Zm2 10.5H2a.5.5 0 0 1-.5-.5V8H0v2a2 2 0 0 0 2 2h2v-1.5ZM8 12v-1.5h2a.5.5 0 0 0 .5-.5V8H12v2a2 2 0 0 1-2 2H8Zm2-12a2 2 0 0 1 2 2v2h-1.5V2a.5.5 0 0 0-.5-.5H8V0h2Z\" \/>\n\t\t\t<\/svg>\n\t\t<\/button><\/figure>\n\n\n\n<figure data-wp-context=\"{&quot;imageId&quot;:&quot;69fd0a40b2e2d&quot;}\" data-wp-interactive=\"core\/image\" data-wp-key=\"69fd0a40b2e2d\" class=\"wp-block-image size-large wp-lightbox-container\"><img loading=\"lazy\" decoding=\"async\" width=\"1024\" height=\"576\" data-wp-class--hide=\"state.isContentHidden\" data-wp-class--show=\"state.isContentVisible\" data-wp-init=\"callbacks.setButtonStyles\" data-wp-on--click=\"actions.showLightbox\" data-wp-on--load=\"callbacks.setButtonStyles\" data-wp-on-window--resize=\"callbacks.setButtonStyles\" data-id=\"249\" src=\"https:\/\/titulaciones.cftmaule.cl\/wp-content\/uploads\/2026\/01\/DSC05400-1024x576.jpg\" alt=\"\" class=\"wp-image-249\" srcset=\"https:\/\/titulaciones.cftmaule.cl\/wp-content\/uploads\/2026\/01\/DSC05400-1024x576.jpg 1024w, https:\/\/titulaciones.cftmaule.cl\/wp-content\/uploads\/2026\/01\/DSC05400-300x169.jpg 300w, https:\/\/titulaciones.cftmaule.cl\/wp-content\/uploads\/2026\/01\/DSC05400-768x432.jpg 768w, https:\/\/titulaciones.cftmaule.cl\/wp-content\/uploads\/2026\/01\/DSC05400-1536x864.jpg 1536w, https:\/\/titulaciones.cftmaule.cl\/wp-content\/uploads\/2026\/01\/DSC05400-2048x1152.jpg 2048w\" sizes=\"auto, (max-width: 1024px) 100vw, 1024px\" \/><button\n\t\t\tclass=\"lightbox-trigger\"\n\t\t\ttype=\"button\"\n\t\t\taria-haspopup=\"dialog\"\n\t\t\taria-label=\"Agrandar\"\n\t\t\tdata-wp-init=\"callbacks.initTriggerButton\"\n\t\t\tdata-wp-on--click=\"actions.showLightbox\"\n\t\t\tdata-wp-style--right=\"state.imageButtonRight\"\n\t\t\tdata-wp-style--top=\"state.imageButtonTop\"\n\t\t>\n\t\t\t<svg xmlns=\"http:\/\/www.w3.org\/2000\/svg\" width=\"12\" height=\"12\" fill=\"none\" viewBox=\"0 0 12 12\">\n\t\t\t\t<path fill=\"#fff\" d=\"M2 0a2 2 0 0 0-2 2v2h1.5V2a.5.5 0 0 1 .5-.5h2V0H2Zm2 10.5H2a.5.5 0 0 1-.5-.5V8H0v2a2 2 0 0 0 2 2h2v-1.5ZM8 12v-1.5h2a.5.5 0 0 0 .5-.5V8H12v2a2 2 0 0 1-2 2H8Zm2-12a2 2 0 0 1 2 2v2h-1.5V2a.5.5 0 0 0-.5-.5H8V0h2Z\" \/>\n\t\t\t<\/svg>\n\t\t<\/button><\/figure>\n\n\n\n<figure data-wp-context=\"{&quot;imageId&quot;:&quot;69fd0a40b36ea&quot;}\" data-wp-interactive=\"core\/image\" data-wp-key=\"69fd0a40b36ea\" class=\"wp-block-image size-large wp-lightbox-container\"><img loading=\"lazy\" decoding=\"async\" width=\"1024\" height=\"576\" data-wp-class--hide=\"state.isContentHidden\" data-wp-class--show=\"state.isContentVisible\" data-wp-init=\"callbacks.setButtonStyles\" data-wp-on--click=\"actions.showLightbox\" data-wp-on--load=\"callbacks.setButtonStyles\" data-wp-on-window--resize=\"callbacks.setButtonStyles\" data-id=\"248\" src=\"https:\/\/titulaciones.cftmaule.cl\/wp-content\/uploads\/2026\/01\/DSC05397-1024x576.jpg\" alt=\"\" class=\"wp-image-248\" srcset=\"https:\/\/titulaciones.cftmaule.cl\/wp-content\/uploads\/2026\/01\/DSC05397-1024x576.jpg 1024w, https:\/\/titulaciones.cftmaule.cl\/wp-content\/uploads\/2026\/01\/DSC05397-300x169.jpg 300w, https:\/\/titulaciones.cftmaule.cl\/wp-content\/uploads\/2026\/01\/DSC05397-768x432.jpg 768w, https:\/\/titulaciones.cftmaule.cl\/wp-content\/uploads\/2026\/01\/DSC05397-1536x864.jpg 1536w, https:\/\/titulaciones.cftmaule.cl\/wp-content\/uploads\/2026\/01\/DSC05397-2048x1152.jpg 2048w\" sizes=\"auto, (max-width: 1024px) 100vw, 1024px\" \/><button\n\t\t\tclass=\"lightbox-trigger\"\n\t\t\ttype=\"button\"\n\t\t\taria-haspopup=\"dialog\"\n\t\t\taria-label=\"Agrandar\"\n\t\t\tdata-wp-init=\"callbacks.initTriggerButton\"\n\t\t\tdata-wp-on--click=\"actions.showLightbox\"\n\t\t\tdata-wp-style--right=\"state.imageButtonRight\"\n\t\t\tdata-wp-style--top=\"state.imageButtonTop\"\n\t\t>\n\t\t\t<svg xmlns=\"http:\/\/www.w3.org\/2000\/svg\" width=\"12\" height=\"12\" fill=\"none\" viewBox=\"0 0 12 12\">\n\t\t\t\t<path fill=\"#fff\" d=\"M2 0a2 2 0 0 0-2 2v2h1.5V2a.5.5 0 0 1 .5-.5h2V0H2Zm2 10.5H2a.5.5 0 0 1-.5-.5V8H0v2a2 2 0 0 0 2 2h2v-1.5ZM8 12v-1.5h2a.5.5 0 0 0 .5-.5V8H12v2a2 2 0 0 1-2 2H8Zm2-12a2 2 0 0 1 2 2v2h-1.5V2a.5.5 0 0 0-.5-.5H8V0h2Z\" \/>\n\t\t\t<\/svg>\n\t\t<\/button><\/figure>\n\n\n\n<figure data-wp-context=\"{&quot;imageId&quot;:&quot;69fd0a40b3f0d&quot;}\" data-wp-interactive=\"core\/image\" data-wp-key=\"69fd0a40b3f0d\" class=\"wp-block-image size-large wp-lightbox-container\"><img loading=\"lazy\" decoding=\"async\" width=\"1024\" height=\"576\" data-wp-class--hide=\"state.isContentHidden\" data-wp-class--show=\"state.isContentVisible\" data-wp-init=\"callbacks.setButtonStyles\" data-wp-on--click=\"actions.showLightbox\" data-wp-on--load=\"callbacks.setButtonStyles\" data-wp-on-window--resize=\"callbacks.setButtonStyles\" data-id=\"250\" src=\"https:\/\/titulaciones.cftmaule.cl\/wp-content\/uploads\/2026\/01\/DSC05395-1024x576.jpg\" alt=\"\" class=\"wp-image-250\" srcset=\"https:\/\/titulaciones.cftmaule.cl\/wp-content\/uploads\/2026\/01\/DSC05395-1024x576.jpg 1024w, https:\/\/titulaciones.cftmaule.cl\/wp-content\/uploads\/2026\/01\/DSC05395-300x169.jpg 300w, https:\/\/titulaciones.cftmaule.cl\/wp-content\/uploads\/2026\/01\/DSC05395-768x432.jpg 768w, https:\/\/titulaciones.cftmaule.cl\/wp-content\/uploads\/2026\/01\/DSC05395-1536x864.jpg 1536w, https:\/\/titulaciones.cftmaule.cl\/wp-content\/uploads\/2026\/01\/DSC05395-2048x1152.jpg 2048w\" sizes=\"auto, (max-width: 1024px) 100vw, 1024px\" \/><button\n\t\t\tclass=\"lightbox-trigger\"\n\t\t\ttype=\"button\"\n\t\t\taria-haspopup=\"dialog\"\n\t\t\taria-label=\"Agrandar\"\n\t\t\tdata-wp-init=\"callbacks.initTriggerButton\"\n\t\t\tdata-wp-on--click=\"actions.showLightbox\"\n\t\t\tdata-wp-style--right=\"state.imageButtonRight\"\n\t\t\tdata-wp-style--top=\"state.imageButtonTop\"\n\t\t>\n\t\t\t<svg xmlns=\"http:\/\/www.w3.org\/2000\/svg\" width=\"12\" height=\"12\" fill=\"none\" viewBox=\"0 0 12 12\">\n\t\t\t\t<path fill=\"#fff\" d=\"M2 0a2 2 0 0 0-2 2v2h1.5V2a.5.5 0 0 1 .5-.5h2V0H2Zm2 10.5H2a.5.5 0 0 1-.5-.5V8H0v2a2 2 0 0 0 2 2h2v-1.5ZM8 12v-1.5h2a.5.5 0 0 0 .5-.5V8H12v2a2 2 0 0 1-2 2H8Zm2-12a2 2 0 0 1 2 2v2h-1.5V2a.5.5 0 0 0-.5-.5H8V0h2Z\" \/>\n\t\t\t<\/svg>\n\t\t<\/button><\/figure>\n\n\n\n<figure data-wp-context=\"{&quot;imageId&quot;:&quot;69fd0a40b470d&quot;}\" data-wp-interactive=\"core\/image\" data-wp-key=\"69fd0a40b470d\" class=\"wp-block-image size-large wp-lightbox-container\"><img loading=\"lazy\" decoding=\"async\" width=\"1024\" height=\"576\" data-wp-class--hide=\"state.isContentHidden\" data-wp-class--show=\"state.isContentVisible\" data-wp-init=\"callbacks.setButtonStyles\" data-wp-on--click=\"actions.showLightbox\" data-wp-on--load=\"callbacks.setButtonStyles\" data-wp-on-window--resize=\"callbacks.setButtonStyles\" data-id=\"251\" src=\"https:\/\/titulaciones.cftmaule.cl\/wp-content\/uploads\/2026\/01\/DSC05391-1024x576.jpg\" alt=\"\" class=\"wp-image-251\" srcset=\"https:\/\/titulaciones.cftmaule.cl\/wp-content\/uploads\/2026\/01\/DSC05391-1024x576.jpg 1024w, https:\/\/titulaciones.cftmaule.cl\/wp-content\/uploads\/2026\/01\/DSC05391-300x169.jpg 300w, https:\/\/titulaciones.cftmaule.cl\/wp-content\/uploads\/2026\/01\/DSC05391-768x432.jpg 768w, https:\/\/titulaciones.cftmaule.cl\/wp-content\/uploads\/2026\/01\/DSC05391-1536x864.jpg 1536w, https:\/\/titulaciones.cftmaule.cl\/wp-content\/uploads\/2026\/01\/DSC05391-2048x1152.jpg 2048w\" sizes=\"auto, (max-width: 1024px) 100vw, 1024px\" \/><button\n\t\t\tclass=\"lightbox-trigger\"\n\t\t\ttype=\"button\"\n\t\t\taria-haspopup=\"dialog\"\n\t\t\taria-label=\"Agrandar\"\n\t\t\tdata-wp-init=\"callbacks.initTriggerButton\"\n\t\t\tdata-wp-on--click=\"actions.showLightbox\"\n\t\t\tdata-wp-style--right=\"state.imageButtonRight\"\n\t\t\tdata-wp-style--top=\"state.imageButtonTop\"\n\t\t>\n\t\t\t<svg xmlns=\"http:\/\/www.w3.org\/2000\/svg\" width=\"12\" height=\"12\" fill=\"none\" viewBox=\"0 0 12 12\">\n\t\t\t\t<path fill=\"#fff\" d=\"M2 0a2 2 0 0 0-2 2v2h1.5V2a.5.5 0 0 1 .5-.5h2V0H2Zm2 10.5H2a.5.5 0 0 1-.5-.5V8H0v2a2 2 0 0 0 2 2h2v-1.5ZM8 12v-1.5h2a.5.5 0 0 0 .5-.5V8H12v2a2 2 0 0 1-2 2H8Zm2-12a2 2 0 0 1 2 2v2h-1.5V2a.5.5 0 0 0-.5-.5H8V0h2Z\" \/>\n\t\t\t<\/svg>\n\t\t<\/button><\/figure>\n\n\n\n<figure data-wp-context=\"{&quot;imageId&quot;:&quot;69fd0a40b4e82&quot;}\" data-wp-interactive=\"core\/image\" data-wp-key=\"69fd0a40b4e82\" class=\"wp-block-image size-large wp-lightbox-container\"><img loading=\"lazy\" decoding=\"async\" width=\"1024\" height=\"576\" data-wp-class--hide=\"state.isContentHidden\" data-wp-class--show=\"state.isContentVisible\" data-wp-init=\"callbacks.setButtonStyles\" data-wp-on--click=\"actions.showLightbox\" data-wp-on--load=\"callbacks.setButtonStyles\" data-wp-on-window--resize=\"callbacks.setButtonStyles\" data-id=\"252\" src=\"https:\/\/titulaciones.cftmaule.cl\/wp-content\/uploads\/2026\/01\/DSC05389-1024x576.jpg\" alt=\"\" class=\"wp-image-252\" srcset=\"https:\/\/titulaciones.cftmaule.cl\/wp-content\/uploads\/2026\/01\/DSC05389-1024x576.jpg 1024w, https:\/\/titulaciones.cftmaule.cl\/wp-content\/uploads\/2026\/01\/DSC05389-300x169.jpg 300w, https:\/\/titulaciones.cftmaule.cl\/wp-content\/uploads\/2026\/01\/DSC05389-768x432.jpg 768w, https:\/\/titulaciones.cftmaule.cl\/wp-content\/uploads\/2026\/01\/DSC05389-1536x864.jpg 1536w, https:\/\/titulaciones.cftmaule.cl\/wp-content\/uploads\/2026\/01\/DSC05389-2048x1152.jpg 2048w\" sizes=\"auto, (max-width: 1024px) 100vw, 1024px\" \/><button\n\t\t\tclass=\"lightbox-trigger\"\n\t\t\ttype=\"button\"\n\t\t\taria-haspopup=\"dialog\"\n\t\t\taria-label=\"Agrandar\"\n\t\t\tdata-wp-init=\"callbacks.initTriggerButton\"\n\t\t\tdata-wp-on--click=\"actions.showLightbox\"\n\t\t\tdata-wp-style--right=\"state.imageButtonRight\"\n\t\t\tdata-wp-style--top=\"state.imageButtonTop\"\n\t\t>\n\t\t\t<svg xmlns=\"http:\/\/www.w3.org\/2000\/svg\" width=\"12\" height=\"12\" fill=\"none\" viewBox=\"0 0 12 12\">\n\t\t\t\t<path fill=\"#fff\" d=\"M2 0a2 2 0 0 0-2 2v2h1.5V2a.5.5 0 0 1 .5-.5h2V0H2Zm2 10.5H2a.5.5 0 0 1-.5-.5V8H0v2a2 2 0 0 0 2 2h2v-1.5ZM8 12v-1.5h2a.5.5 0 0 0 .5-.5V8H12v2a2 2 0 0 1-2 2H8Zm2-12a2 2 0 0 1 2 2v2h-1.5V2a.5.5 0 0 0-.5-.5H8V0h2Z\" \/>\n\t\t\t<\/svg>\n\t\t<\/button><\/figure>\n<\/figure>\n","protected":false},"excerpt":{"rendered":"","protected":false},"author":1,"featured_media":0,"parent":0,"menu_order":0,"comment_status":"closed","ping_status":"closed","template":"","meta":{"footnotes":""},"class_list":["post-287","page","type-page","status-publish","hentry"],"_links":{"self":[{"href":"https:\/\/titulaciones.cftmaule.cl\/index.php?rest_route=\/wp\/v2\/pages\/287","targetHints":{"allow":["GET"]}}],"collection":[{"href":"https:\/\/titulaciones.cftmaule.cl\/index.php?rest_route=\/wp\/v2\/pages"}],"about":[{"href":"https:\/\/titulaciones.cftmaule.cl\/index.php?rest_route=\/wp\/v2\/types\/page"}],"author":[{"embeddable":true,"href":"https:\/\/titulaciones.cftmaule.cl\/index.php?rest_route=\/wp\/v2\/users\/1"}],"replies":[{"embeddable":true,"href":"https:\/\/titulaciones.cftmaule.cl\/index.php?rest_route=%2Fwp%2Fv2%2Fcomments&post=287"}],"version-history":[{"count":3,"href":"https:\/\/titulaciones.cftmaule.cl\/index.php?rest_route=\/wp\/v2\/pages\/287\/revisions"}],"predecessor-version":[{"id":306,"href":"https:\/\/titulaciones.cftmaule.cl\/index.php?rest_route=\/wp\/v2\/pages\/287\/revisions\/306"}],"wp:attachment":[{"href":"https:\/\/titulaciones.cftmaule.cl\/index.php?rest_route=%2Fwp%2Fv2%2Fmedia&parent=287"}],"curies":[{"name":"wp","href":"https:\/\/api.w.org\/{rel}","templated":true}]}}