{"id":291,"date":"2026-01-05T22:46:45","date_gmt":"2026-01-05T22:46:45","guid":{"rendered":"https:\/\/titulaciones.cftmaule.cl\/?page_id=291"},"modified":"2026-01-06T14:42:47","modified_gmt":"2026-01-06T14:42:47","slug":"titulacion-tns-mantencion-y-reparacion-de-maquinaria-pesada","status":"publish","type":"page","link":"https:\/\/titulaciones.cftmaule.cl\/?page_id=291","title":{"rendered":"Titulaci\u00f3n TNS Mantenci\u00f3n y Reparaci\u00f3n de Maquinaria Pesada"},"content":{"rendered":"\n<figure class=\"wp-block-gallery has-nested-images columns-2 is-cropped wp-block-gallery-1 is-layout-flex wp-block-gallery-is-layout-flex\">\n<figure data-wp-context=\"{&quot;imageId&quot;:&quot;69fd186063096&quot;}\" data-wp-interactive=\"core\/image\" data-wp-key=\"69fd186063096\" class=\"wp-block-image size-large wp-lightbox-container\"><img loading=\"lazy\" decoding=\"async\" width=\"1024\" height=\"576\" data-wp-class--hide=\"state.isContentHidden\" data-wp-class--show=\"state.isContentVisible\" data-wp-init=\"callbacks.setButtonStyles\" data-wp-on--click=\"actions.showLightbox\" data-wp-on--load=\"callbacks.setButtonStyles\" data-wp-on-window--resize=\"callbacks.setButtonStyles\" data-id=\"264\" src=\"https:\/\/titulaciones.cftmaule.cl\/wp-content\/uploads\/2026\/01\/DSC05960-1024x576.jpg\" alt=\"\" class=\"wp-image-264\" srcset=\"https:\/\/titulaciones.cftmaule.cl\/wp-content\/uploads\/2026\/01\/DSC05960-1024x576.jpg 1024w, https:\/\/titulaciones.cftmaule.cl\/wp-content\/uploads\/2026\/01\/DSC05960-300x169.jpg 300w, https:\/\/titulaciones.cftmaule.cl\/wp-content\/uploads\/2026\/01\/DSC05960-768x432.jpg 768w, https:\/\/titulaciones.cftmaule.cl\/wp-content\/uploads\/2026\/01\/DSC05960-1536x864.jpg 1536w, https:\/\/titulaciones.cftmaule.cl\/wp-content\/uploads\/2026\/01\/DSC05960-2048x1152.jpg 2048w\" sizes=\"auto, (max-width: 1024px) 100vw, 1024px\" \/><button\n\t\t\tclass=\"lightbox-trigger\"\n\t\t\ttype=\"button\"\n\t\t\taria-haspopup=\"dialog\"\n\t\t\taria-label=\"Agrandar\"\n\t\t\tdata-wp-init=\"callbacks.initTriggerButton\"\n\t\t\tdata-wp-on--click=\"actions.showLightbox\"\n\t\t\tdata-wp-style--right=\"state.imageButtonRight\"\n\t\t\tdata-wp-style--top=\"state.imageButtonTop\"\n\t\t>\n\t\t\t<svg xmlns=\"http:\/\/www.w3.org\/2000\/svg\" width=\"12\" height=\"12\" fill=\"none\" viewBox=\"0 0 12 12\">\n\t\t\t\t<path fill=\"#fff\" d=\"M2 0a2 2 0 0 0-2 2v2h1.5V2a.5.5 0 0 1 .5-.5h2V0H2Zm2 10.5H2a.5.5 0 0 1-.5-.5V8H0v2a2 2 0 0 0 2 2h2v-1.5ZM8 12v-1.5h2a.5.5 0 0 0 .5-.5V8H12v2a2 2 0 0 1-2 2H8Zm2-12a2 2 0 0 1 2 2v2h-1.5V2a.5.5 0 0 0-.5-.5H8V0h2Z\" \/>\n\t\t\t<\/svg>\n\t\t<\/button><\/figure>\n\n\n\n<figure data-wp-context=\"{&quot;imageId&quot;:&quot;69fd1860637ff&quot;}\" data-wp-interactive=\"core\/image\" data-wp-key=\"69fd1860637ff\" class=\"wp-block-image size-large wp-lightbox-container\"><img loading=\"lazy\" decoding=\"async\" width=\"1024\" height=\"576\" data-wp-class--hide=\"state.isContentHidden\" data-wp-class--show=\"state.isContentVisible\" data-wp-init=\"callbacks.setButtonStyles\" data-wp-on--click=\"actions.showLightbox\" data-wp-on--load=\"callbacks.setButtonStyles\" data-wp-on-window--resize=\"callbacks.setButtonStyles\" data-id=\"265\" src=\"https:\/\/titulaciones.cftmaule.cl\/wp-content\/uploads\/2026\/01\/DSC05945-1024x576.jpg\" alt=\"\" class=\"wp-image-265\" srcset=\"https:\/\/titulaciones.cftmaule.cl\/wp-content\/uploads\/2026\/01\/DSC05945-1024x576.jpg 1024w, https:\/\/titulaciones.cftmaule.cl\/wp-content\/uploads\/2026\/01\/DSC05945-300x169.jpg 300w, https:\/\/titulaciones.cftmaule.cl\/wp-content\/uploads\/2026\/01\/DSC05945-768x432.jpg 768w, https:\/\/titulaciones.cftmaule.cl\/wp-content\/uploads\/2026\/01\/DSC05945-1536x864.jpg 1536w, https:\/\/titulaciones.cftmaule.cl\/wp-content\/uploads\/2026\/01\/DSC05945-2048x1152.jpg 2048w\" sizes=\"auto, (max-width: 1024px) 100vw, 1024px\" \/><button\n\t\t\tclass=\"lightbox-trigger\"\n\t\t\ttype=\"button\"\n\t\t\taria-haspopup=\"dialog\"\n\t\t\taria-label=\"Agrandar\"\n\t\t\tdata-wp-init=\"callbacks.initTriggerButton\"\n\t\t\tdata-wp-on--click=\"actions.showLightbox\"\n\t\t\tdata-wp-style--right=\"state.imageButtonRight\"\n\t\t\tdata-wp-style--top=\"state.imageButtonTop\"\n\t\t>\n\t\t\t<svg xmlns=\"http:\/\/www.w3.org\/2000\/svg\" width=\"12\" height=\"12\" fill=\"none\" viewBox=\"0 0 12 12\">\n\t\t\t\t<path fill=\"#fff\" d=\"M2 0a2 2 0 0 0-2 2v2h1.5V2a.5.5 0 0 1 .5-.5h2V0H2Zm2 10.5H2a.5.5 0 0 1-.5-.5V8H0v2a2 2 0 0 0 2 2h2v-1.5ZM8 12v-1.5h2a.5.5 0 0 0 .5-.5V8H12v2a2 2 0 0 1-2 2H8Zm2-12a2 2 0 0 1 2 2v2h-1.5V2a.5.5 0 0 0-.5-.5H8V0h2Z\" \/>\n\t\t\t<\/svg>\n\t\t<\/button><\/figure>\n\n\n\n<figure data-wp-context=\"{&quot;imageId&quot;:&quot;69fd186063dde&quot;}\" data-wp-interactive=\"core\/image\" data-wp-key=\"69fd186063dde\" class=\"wp-block-image size-large wp-lightbox-container\"><img loading=\"lazy\" decoding=\"async\" width=\"1024\" height=\"576\" data-wp-class--hide=\"state.isContentHidden\" data-wp-class--show=\"state.isContentVisible\" data-wp-init=\"callbacks.setButtonStyles\" data-wp-on--click=\"actions.showLightbox\" data-wp-on--load=\"callbacks.setButtonStyles\" data-wp-on-window--resize=\"callbacks.setButtonStyles\" data-id=\"267\" src=\"https:\/\/titulaciones.cftmaule.cl\/wp-content\/uploads\/2026\/01\/DSC05941-1024x576.jpg\" alt=\"\" class=\"wp-image-267\" srcset=\"https:\/\/titulaciones.cftmaule.cl\/wp-content\/uploads\/2026\/01\/DSC05941-1024x576.jpg 1024w, https:\/\/titulaciones.cftmaule.cl\/wp-content\/uploads\/2026\/01\/DSC05941-300x169.jpg 300w, https:\/\/titulaciones.cftmaule.cl\/wp-content\/uploads\/2026\/01\/DSC05941-768x432.jpg 768w, https:\/\/titulaciones.cftmaule.cl\/wp-content\/uploads\/2026\/01\/DSC05941-1536x864.jpg 1536w, https:\/\/titulaciones.cftmaule.cl\/wp-content\/uploads\/2026\/01\/DSC05941-2048x1152.jpg 2048w\" sizes=\"auto, (max-width: 1024px) 100vw, 1024px\" \/><button\n\t\t\tclass=\"lightbox-trigger\"\n\t\t\ttype=\"button\"\n\t\t\taria-haspopup=\"dialog\"\n\t\t\taria-label=\"Agrandar\"\n\t\t\tdata-wp-init=\"callbacks.initTriggerButton\"\n\t\t\tdata-wp-on--click=\"actions.showLightbox\"\n\t\t\tdata-wp-style--right=\"state.imageButtonRight\"\n\t\t\tdata-wp-style--top=\"state.imageButtonTop\"\n\t\t>\n\t\t\t<svg xmlns=\"http:\/\/www.w3.org\/2000\/svg\" width=\"12\" height=\"12\" fill=\"none\" viewBox=\"0 0 12 12\">\n\t\t\t\t<path fill=\"#fff\" d=\"M2 0a2 2 0 0 0-2 2v2h1.5V2a.5.5 0 0 1 .5-.5h2V0H2Zm2 10.5H2a.5.5 0 0 1-.5-.5V8H0v2a2 2 0 0 0 2 2h2v-1.5ZM8 12v-1.5h2a.5.5 0 0 0 .5-.5V8H12v2a2 2 0 0 1-2 2H8Zm2-12a2 2 0 0 1 2 2v2h-1.5V2a.5.5 0 0 0-.5-.5H8V0h2Z\" \/>\n\t\t\t<\/svg>\n\t\t<\/button><\/figure>\n\n\n\n<figure data-wp-context=\"{&quot;imageId&quot;:&quot;69fd18606439d&quot;}\" data-wp-interactive=\"core\/image\" data-wp-key=\"69fd18606439d\" class=\"wp-block-image size-large wp-lightbox-container\"><img loading=\"lazy\" decoding=\"async\" width=\"1024\" height=\"576\" data-wp-class--hide=\"state.isContentHidden\" data-wp-class--show=\"state.isContentVisible\" data-wp-init=\"callbacks.setButtonStyles\" data-wp-on--click=\"actions.showLightbox\" data-wp-on--load=\"callbacks.setButtonStyles\" data-wp-on-window--resize=\"callbacks.setButtonStyles\" data-id=\"268\" src=\"https:\/\/titulaciones.cftmaule.cl\/wp-content\/uploads\/2026\/01\/DSC05951-1024x576.jpg\" alt=\"\" class=\"wp-image-268\" srcset=\"https:\/\/titulaciones.cftmaule.cl\/wp-content\/uploads\/2026\/01\/DSC05951-1024x576.jpg 1024w, https:\/\/titulaciones.cftmaule.cl\/wp-content\/uploads\/2026\/01\/DSC05951-300x169.jpg 300w, https:\/\/titulaciones.cftmaule.cl\/wp-content\/uploads\/2026\/01\/DSC05951-768x432.jpg 768w, https:\/\/titulaciones.cftmaule.cl\/wp-content\/uploads\/2026\/01\/DSC05951-1536x864.jpg 1536w, https:\/\/titulaciones.cftmaule.cl\/wp-content\/uploads\/2026\/01\/DSC05951-2048x1152.jpg 2048w\" sizes=\"auto, (max-width: 1024px) 100vw, 1024px\" \/><button\n\t\t\tclass=\"lightbox-trigger\"\n\t\t\ttype=\"button\"\n\t\t\taria-haspopup=\"dialog\"\n\t\t\taria-label=\"Agrandar\"\n\t\t\tdata-wp-init=\"callbacks.initTriggerButton\"\n\t\t\tdata-wp-on--click=\"actions.showLightbox\"\n\t\t\tdata-wp-style--right=\"state.imageButtonRight\"\n\t\t\tdata-wp-style--top=\"state.imageButtonTop\"\n\t\t>\n\t\t\t<svg xmlns=\"http:\/\/www.w3.org\/2000\/svg\" width=\"12\" height=\"12\" fill=\"none\" viewBox=\"0 0 12 12\">\n\t\t\t\t<path fill=\"#fff\" d=\"M2 0a2 2 0 0 0-2 2v2h1.5V2a.5.5 0 0 1 .5-.5h2V0H2Zm2 10.5H2a.5.5 0 0 1-.5-.5V8H0v2a2 2 0 0 0 2 2h2v-1.5ZM8 12v-1.5h2a.5.5 0 0 0 .5-.5V8H12v2a2 2 0 0 1-2 2H8Zm2-12a2 2 0 0 1 2 2v2h-1.5V2a.5.5 0 0 0-.5-.5H8V0h2Z\" \/>\n\t\t\t<\/svg>\n\t\t<\/button><\/figure>\n\n\n\n<figure data-wp-context=\"{&quot;imageId&quot;:&quot;69fd1860649b9&quot;}\" data-wp-interactive=\"core\/image\" data-wp-key=\"69fd1860649b9\" class=\"wp-block-image size-large wp-lightbox-container\"><img loading=\"lazy\" decoding=\"async\" width=\"1024\" height=\"576\" data-wp-class--hide=\"state.isContentHidden\" data-wp-class--show=\"state.isContentVisible\" data-wp-init=\"callbacks.setButtonStyles\" data-wp-on--click=\"actions.showLightbox\" data-wp-on--load=\"callbacks.setButtonStyles\" data-wp-on-window--resize=\"callbacks.setButtonStyles\" data-id=\"266\" src=\"https:\/\/titulaciones.cftmaule.cl\/wp-content\/uploads\/2026\/01\/DSC05948-1024x576.jpg\" alt=\"\" class=\"wp-image-266\" srcset=\"https:\/\/titulaciones.cftmaule.cl\/wp-content\/uploads\/2026\/01\/DSC05948-1024x576.jpg 1024w, https:\/\/titulaciones.cftmaule.cl\/wp-content\/uploads\/2026\/01\/DSC05948-300x169.jpg 300w, https:\/\/titulaciones.cftmaule.cl\/wp-content\/uploads\/2026\/01\/DSC05948-768x432.jpg 768w, https:\/\/titulaciones.cftmaule.cl\/wp-content\/uploads\/2026\/01\/DSC05948-1536x864.jpg 1536w, https:\/\/titulaciones.cftmaule.cl\/wp-content\/uploads\/2026\/01\/DSC05948-2048x1152.jpg 2048w\" sizes=\"auto, (max-width: 1024px) 100vw, 1024px\" \/><button\n\t\t\tclass=\"lightbox-trigger\"\n\t\t\ttype=\"button\"\n\t\t\taria-haspopup=\"dialog\"\n\t\t\taria-label=\"Agrandar\"\n\t\t\tdata-wp-init=\"callbacks.initTriggerButton\"\n\t\t\tdata-wp-on--click=\"actions.showLightbox\"\n\t\t\tdata-wp-style--right=\"state.imageButtonRight\"\n\t\t\tdata-wp-style--top=\"state.imageButtonTop\"\n\t\t>\n\t\t\t<svg xmlns=\"http:\/\/www.w3.org\/2000\/svg\" width=\"12\" height=\"12\" fill=\"none\" viewBox=\"0 0 12 12\">\n\t\t\t\t<path fill=\"#fff\" d=\"M2 0a2 2 0 0 0-2 2v2h1.5V2a.5.5 0 0 1 .5-.5h2V0H2Zm2 10.5H2a.5.5 0 0 1-.5-.5V8H0v2a2 2 0 0 0 2 2h2v-1.5ZM8 12v-1.5h2a.5.5 0 0 0 .5-.5V8H12v2a2 2 0 0 1-2 2H8Zm2-12a2 2 0 0 1 2 2v2h-1.5V2a.5.5 0 0 0-.5-.5H8V0h2Z\" \/>\n\t\t\t<\/svg>\n\t\t<\/button><\/figure>\n<\/figure>\n","protected":false},"excerpt":{"rendered":"","protected":false},"author":1,"featured_media":0,"parent":0,"menu_order":0,"comment_status":"closed","ping_status":"closed","template":"","meta":{"footnotes":""},"class_list":["post-291","page","type-page","status-publish","hentry"],"_links":{"self":[{"href":"https:\/\/titulaciones.cftmaule.cl\/index.php?rest_route=\/wp\/v2\/pages\/291","targetHints":{"allow":["GET"]}}],"collection":[{"href":"https:\/\/titulaciones.cftmaule.cl\/index.php?rest_route=\/wp\/v2\/pages"}],"about":[{"href":"https:\/\/titulaciones.cftmaule.cl\/index.php?rest_route=\/wp\/v2\/types\/page"}],"author":[{"embeddable":true,"href":"https:\/\/titulaciones.cftmaule.cl\/index.php?rest_route=\/wp\/v2\/users\/1"}],"replies":[{"embeddable":true,"href":"https:\/\/titulaciones.cftmaule.cl\/index.php?rest_route=%2Fwp%2Fv2%2Fcomments&post=291"}],"version-history":[{"count":2,"href":"https:\/\/titulaciones.cftmaule.cl\/index.php?rest_route=\/wp\/v2\/pages\/291\/revisions"}],"predecessor-version":[{"id":303,"href":"https:\/\/titulaciones.cftmaule.cl\/index.php?rest_route=\/wp\/v2\/pages\/291\/revisions\/303"}],"wp:attachment":[{"href":"https:\/\/titulaciones.cftmaule.cl\/index.php?rest_route=%2Fwp%2Fv2%2Fmedia&parent=291"}],"curies":[{"name":"wp","href":"https:\/\/api.w.org\/{rel}","templated":true}]}}