{"id":350,"date":"2026-01-06T15:27:31","date_gmt":"2026-01-06T15:27:31","guid":{"rendered":"https:\/\/titulaciones.cftmaule.cl\/?page_id=350"},"modified":"2026-01-06T15:27:46","modified_gmt":"2026-01-06T15:27:46","slug":"titulacion-tns-educacion-general-basica-campus-parral","status":"publish","type":"page","link":"https:\/\/titulaciones.cftmaule.cl\/?page_id=350","title":{"rendered":"Titulaci\u00f3n TNS Educaci\u00f3n General B\u00e1sica &#8211; Campus Parral"},"content":{"rendered":"\n<figure class=\"wp-block-gallery has-nested-images columns-2 is-cropped wp-block-gallery-1 is-layout-flex wp-block-gallery-is-layout-flex\">\n<figure data-wp-context=\"{&quot;imageId&quot;:&quot;69fd0a70567ef&quot;}\" data-wp-interactive=\"core\/image\" data-wp-key=\"69fd0a70567ef\" class=\"wp-block-image size-large wp-lightbox-container\"><img loading=\"lazy\" decoding=\"async\" width=\"1024\" height=\"576\" data-wp-class--hide=\"state.isContentHidden\" data-wp-class--show=\"state.isContentVisible\" data-wp-init=\"callbacks.setButtonStyles\" data-wp-on--click=\"actions.showLightbox\" data-wp-on--load=\"callbacks.setButtonStyles\" data-wp-on-window--resize=\"callbacks.setButtonStyles\" data-id=\"351\" src=\"https:\/\/titulaciones.cftmaule.cl\/wp-content\/uploads\/2026\/01\/DSC06182-1024x576.jpg\" alt=\"\" class=\"wp-image-351\" srcset=\"https:\/\/titulaciones.cftmaule.cl\/wp-content\/uploads\/2026\/01\/DSC06182-1024x576.jpg 1024w, https:\/\/titulaciones.cftmaule.cl\/wp-content\/uploads\/2026\/01\/DSC06182-300x169.jpg 300w, https:\/\/titulaciones.cftmaule.cl\/wp-content\/uploads\/2026\/01\/DSC06182-768x432.jpg 768w, https:\/\/titulaciones.cftmaule.cl\/wp-content\/uploads\/2026\/01\/DSC06182-1536x864.jpg 1536w, https:\/\/titulaciones.cftmaule.cl\/wp-content\/uploads\/2026\/01\/DSC06182-2048x1152.jpg 2048w\" sizes=\"auto, (max-width: 1024px) 100vw, 1024px\" \/><button\n\t\t\tclass=\"lightbox-trigger\"\n\t\t\ttype=\"button\"\n\t\t\taria-haspopup=\"dialog\"\n\t\t\taria-label=\"Agrandar\"\n\t\t\tdata-wp-init=\"callbacks.initTriggerButton\"\n\t\t\tdata-wp-on--click=\"actions.showLightbox\"\n\t\t\tdata-wp-style--right=\"state.imageButtonRight\"\n\t\t\tdata-wp-style--top=\"state.imageButtonTop\"\n\t\t>\n\t\t\t<svg xmlns=\"http:\/\/www.w3.org\/2000\/svg\" width=\"12\" height=\"12\" fill=\"none\" viewBox=\"0 0 12 12\">\n\t\t\t\t<path fill=\"#fff\" d=\"M2 0a2 2 0 0 0-2 2v2h1.5V2a.5.5 0 0 1 .5-.5h2V0H2Zm2 10.5H2a.5.5 0 0 1-.5-.5V8H0v2a2 2 0 0 0 2 2h2v-1.5ZM8 12v-1.5h2a.5.5 0 0 0 .5-.5V8H12v2a2 2 0 0 1-2 2H8Zm2-12a2 2 0 0 1 2 2v2h-1.5V2a.5.5 0 0 0-.5-.5H8V0h2Z\" \/>\n\t\t\t<\/svg>\n\t\t<\/button><\/figure>\n\n\n\n<figure data-wp-context=\"{&quot;imageId&quot;:&quot;69fd0a7056f2a&quot;}\" data-wp-interactive=\"core\/image\" data-wp-key=\"69fd0a7056f2a\" class=\"wp-block-image size-large wp-lightbox-container\"><img loading=\"lazy\" decoding=\"async\" width=\"1024\" height=\"576\" data-wp-class--hide=\"state.isContentHidden\" data-wp-class--show=\"state.isContentVisible\" data-wp-init=\"callbacks.setButtonStyles\" data-wp-on--click=\"actions.showLightbox\" data-wp-on--load=\"callbacks.setButtonStyles\" data-wp-on-window--resize=\"callbacks.setButtonStyles\" data-id=\"352\" src=\"https:\/\/titulaciones.cftmaule.cl\/wp-content\/uploads\/2026\/01\/DSC06219-1024x576.jpg\" alt=\"\" class=\"wp-image-352\" srcset=\"https:\/\/titulaciones.cftmaule.cl\/wp-content\/uploads\/2026\/01\/DSC06219-1024x576.jpg 1024w, https:\/\/titulaciones.cftmaule.cl\/wp-content\/uploads\/2026\/01\/DSC06219-300x169.jpg 300w, https:\/\/titulaciones.cftmaule.cl\/wp-content\/uploads\/2026\/01\/DSC06219-768x432.jpg 768w, https:\/\/titulaciones.cftmaule.cl\/wp-content\/uploads\/2026\/01\/DSC06219-1536x864.jpg 1536w, https:\/\/titulaciones.cftmaule.cl\/wp-content\/uploads\/2026\/01\/DSC06219-2048x1152.jpg 2048w\" sizes=\"auto, (max-width: 1024px) 100vw, 1024px\" \/><button\n\t\t\tclass=\"lightbox-trigger\"\n\t\t\ttype=\"button\"\n\t\t\taria-haspopup=\"dialog\"\n\t\t\taria-label=\"Agrandar\"\n\t\t\tdata-wp-init=\"callbacks.initTriggerButton\"\n\t\t\tdata-wp-on--click=\"actions.showLightbox\"\n\t\t\tdata-wp-style--right=\"state.imageButtonRight\"\n\t\t\tdata-wp-style--top=\"state.imageButtonTop\"\n\t\t>\n\t\t\t<svg xmlns=\"http:\/\/www.w3.org\/2000\/svg\" width=\"12\" height=\"12\" fill=\"none\" viewBox=\"0 0 12 12\">\n\t\t\t\t<path fill=\"#fff\" d=\"M2 0a2 2 0 0 0-2 2v2h1.5V2a.5.5 0 0 1 .5-.5h2V0H2Zm2 10.5H2a.5.5 0 0 1-.5-.5V8H0v2a2 2 0 0 0 2 2h2v-1.5ZM8 12v-1.5h2a.5.5 0 0 0 .5-.5V8H12v2a2 2 0 0 1-2 2H8Zm2-12a2 2 0 0 1 2 2v2h-1.5V2a.5.5 0 0 0-.5-.5H8V0h2Z\" \/>\n\t\t\t<\/svg>\n\t\t<\/button><\/figure>\n\n\n\n<figure data-wp-context=\"{&quot;imageId&quot;:&quot;69fd0a705759e&quot;}\" data-wp-interactive=\"core\/image\" data-wp-key=\"69fd0a705759e\" class=\"wp-block-image size-large wp-lightbox-container\"><img loading=\"lazy\" decoding=\"async\" width=\"1024\" height=\"576\" data-wp-class--hide=\"state.isContentHidden\" data-wp-class--show=\"state.isContentVisible\" data-wp-init=\"callbacks.setButtonStyles\" data-wp-on--click=\"actions.showLightbox\" data-wp-on--load=\"callbacks.setButtonStyles\" data-wp-on-window--resize=\"callbacks.setButtonStyles\" data-id=\"354\" src=\"https:\/\/titulaciones.cftmaule.cl\/wp-content\/uploads\/2026\/01\/DSC06212-1024x576.jpg\" alt=\"\" class=\"wp-image-354\" srcset=\"https:\/\/titulaciones.cftmaule.cl\/wp-content\/uploads\/2026\/01\/DSC06212-1024x576.jpg 1024w, https:\/\/titulaciones.cftmaule.cl\/wp-content\/uploads\/2026\/01\/DSC06212-300x169.jpg 300w, https:\/\/titulaciones.cftmaule.cl\/wp-content\/uploads\/2026\/01\/DSC06212-768x432.jpg 768w, https:\/\/titulaciones.cftmaule.cl\/wp-content\/uploads\/2026\/01\/DSC06212-1536x864.jpg 1536w, https:\/\/titulaciones.cftmaule.cl\/wp-content\/uploads\/2026\/01\/DSC06212-2048x1152.jpg 2048w\" sizes=\"auto, (max-width: 1024px) 100vw, 1024px\" \/><button\n\t\t\tclass=\"lightbox-trigger\"\n\t\t\ttype=\"button\"\n\t\t\taria-haspopup=\"dialog\"\n\t\t\taria-label=\"Agrandar\"\n\t\t\tdata-wp-init=\"callbacks.initTriggerButton\"\n\t\t\tdata-wp-on--click=\"actions.showLightbox\"\n\t\t\tdata-wp-style--right=\"state.imageButtonRight\"\n\t\t\tdata-wp-style--top=\"state.imageButtonTop\"\n\t\t>\n\t\t\t<svg xmlns=\"http:\/\/www.w3.org\/2000\/svg\" width=\"12\" height=\"12\" fill=\"none\" viewBox=\"0 0 12 12\">\n\t\t\t\t<path fill=\"#fff\" d=\"M2 0a2 2 0 0 0-2 2v2h1.5V2a.5.5 0 0 1 .5-.5h2V0H2Zm2 10.5H2a.5.5 0 0 1-.5-.5V8H0v2a2 2 0 0 0 2 2h2v-1.5ZM8 12v-1.5h2a.5.5 0 0 0 .5-.5V8H12v2a2 2 0 0 1-2 2H8Zm2-12a2 2 0 0 1 2 2v2h-1.5V2a.5.5 0 0 0-.5-.5H8V0h2Z\" \/>\n\t\t\t<\/svg>\n\t\t<\/button><\/figure>\n\n\n\n<figure data-wp-context=\"{&quot;imageId&quot;:&quot;69fd0a7057c49&quot;}\" data-wp-interactive=\"core\/image\" data-wp-key=\"69fd0a7057c49\" class=\"wp-block-image size-large wp-lightbox-container\"><img loading=\"lazy\" decoding=\"async\" width=\"1024\" height=\"576\" data-wp-class--hide=\"state.isContentHidden\" data-wp-class--show=\"state.isContentVisible\" data-wp-init=\"callbacks.setButtonStyles\" data-wp-on--click=\"actions.showLightbox\" data-wp-on--load=\"callbacks.setButtonStyles\" data-wp-on-window--resize=\"callbacks.setButtonStyles\" data-id=\"353\" src=\"https:\/\/titulaciones.cftmaule.cl\/wp-content\/uploads\/2026\/01\/DSC06207-1024x576.jpg\" alt=\"\" class=\"wp-image-353\" srcset=\"https:\/\/titulaciones.cftmaule.cl\/wp-content\/uploads\/2026\/01\/DSC06207-1024x576.jpg 1024w, https:\/\/titulaciones.cftmaule.cl\/wp-content\/uploads\/2026\/01\/DSC06207-300x169.jpg 300w, https:\/\/titulaciones.cftmaule.cl\/wp-content\/uploads\/2026\/01\/DSC06207-768x432.jpg 768w, https:\/\/titulaciones.cftmaule.cl\/wp-content\/uploads\/2026\/01\/DSC06207-1536x864.jpg 1536w, https:\/\/titulaciones.cftmaule.cl\/wp-content\/uploads\/2026\/01\/DSC06207-2048x1152.jpg 2048w\" sizes=\"auto, (max-width: 1024px) 100vw, 1024px\" \/><button\n\t\t\tclass=\"lightbox-trigger\"\n\t\t\ttype=\"button\"\n\t\t\taria-haspopup=\"dialog\"\n\t\t\taria-label=\"Agrandar\"\n\t\t\tdata-wp-init=\"callbacks.initTriggerButton\"\n\t\t\tdata-wp-on--click=\"actions.showLightbox\"\n\t\t\tdata-wp-style--right=\"state.imageButtonRight\"\n\t\t\tdata-wp-style--top=\"state.imageButtonTop\"\n\t\t>\n\t\t\t<svg xmlns=\"http:\/\/www.w3.org\/2000\/svg\" width=\"12\" height=\"12\" fill=\"none\" viewBox=\"0 0 12 12\">\n\t\t\t\t<path fill=\"#fff\" d=\"M2 0a2 2 0 0 0-2 2v2h1.5V2a.5.5 0 0 1 .5-.5h2V0H2Zm2 10.5H2a.5.5 0 0 1-.5-.5V8H0v2a2 2 0 0 0 2 2h2v-1.5ZM8 12v-1.5h2a.5.5 0 0 0 .5-.5V8H12v2a2 2 0 0 1-2 2H8Zm2-12a2 2 0 0 1 2 2v2h-1.5V2a.5.5 0 0 0-.5-.5H8V0h2Z\" \/>\n\t\t\t<\/svg>\n\t\t<\/button><\/figure>\n\n\n\n<figure data-wp-context=\"{&quot;imageId&quot;:&quot;69fd0a70582a1&quot;}\" data-wp-interactive=\"core\/image\" data-wp-key=\"69fd0a70582a1\" class=\"wp-block-image size-large wp-lightbox-container\"><img loading=\"lazy\" decoding=\"async\" width=\"1024\" height=\"576\" data-wp-class--hide=\"state.isContentHidden\" data-wp-class--show=\"state.isContentVisible\" data-wp-init=\"callbacks.setButtonStyles\" data-wp-on--click=\"actions.showLightbox\" data-wp-on--load=\"callbacks.setButtonStyles\" data-wp-on-window--resize=\"callbacks.setButtonStyles\" data-id=\"355\" src=\"https:\/\/titulaciones.cftmaule.cl\/wp-content\/uploads\/2026\/01\/DSC06204-1024x576.jpg\" alt=\"\" class=\"wp-image-355\" srcset=\"https:\/\/titulaciones.cftmaule.cl\/wp-content\/uploads\/2026\/01\/DSC06204-1024x576.jpg 1024w, https:\/\/titulaciones.cftmaule.cl\/wp-content\/uploads\/2026\/01\/DSC06204-300x169.jpg 300w, https:\/\/titulaciones.cftmaule.cl\/wp-content\/uploads\/2026\/01\/DSC06204-768x432.jpg 768w, https:\/\/titulaciones.cftmaule.cl\/wp-content\/uploads\/2026\/01\/DSC06204-1536x864.jpg 1536w, https:\/\/titulaciones.cftmaule.cl\/wp-content\/uploads\/2026\/01\/DSC06204-2048x1152.jpg 2048w\" sizes=\"auto, (max-width: 1024px) 100vw, 1024px\" \/><button\n\t\t\tclass=\"lightbox-trigger\"\n\t\t\ttype=\"button\"\n\t\t\taria-haspopup=\"dialog\"\n\t\t\taria-label=\"Agrandar\"\n\t\t\tdata-wp-init=\"callbacks.initTriggerButton\"\n\t\t\tdata-wp-on--click=\"actions.showLightbox\"\n\t\t\tdata-wp-style--right=\"state.imageButtonRight\"\n\t\t\tdata-wp-style--top=\"state.imageButtonTop\"\n\t\t>\n\t\t\t<svg xmlns=\"http:\/\/www.w3.org\/2000\/svg\" width=\"12\" height=\"12\" fill=\"none\" viewBox=\"0 0 12 12\">\n\t\t\t\t<path fill=\"#fff\" d=\"M2 0a2 2 0 0 0-2 2v2h1.5V2a.5.5 0 0 1 .5-.5h2V0H2Zm2 10.5H2a.5.5 0 0 1-.5-.5V8H0v2a2 2 0 0 0 2 2h2v-1.5ZM8 12v-1.5h2a.5.5 0 0 0 .5-.5V8H12v2a2 2 0 0 1-2 2H8Zm2-12a2 2 0 0 1 2 2v2h-1.5V2a.5.5 0 0 0-.5-.5H8V0h2Z\" \/>\n\t\t\t<\/svg>\n\t\t<\/button><\/figure>\n\n\n\n<figure data-wp-context=\"{&quot;imageId&quot;:&quot;69fd0a7058906&quot;}\" data-wp-interactive=\"core\/image\" data-wp-key=\"69fd0a7058906\" class=\"wp-block-image size-large wp-lightbox-container\"><img loading=\"lazy\" decoding=\"async\" width=\"1024\" height=\"576\" data-wp-class--hide=\"state.isContentHidden\" data-wp-class--show=\"state.isContentVisible\" data-wp-init=\"callbacks.setButtonStyles\" data-wp-on--click=\"actions.showLightbox\" data-wp-on--load=\"callbacks.setButtonStyles\" data-wp-on-window--resize=\"callbacks.setButtonStyles\" data-id=\"357\" src=\"https:\/\/titulaciones.cftmaule.cl\/wp-content\/uploads\/2026\/01\/DSC06199-1024x576.jpg\" alt=\"\" class=\"wp-image-357\" srcset=\"https:\/\/titulaciones.cftmaule.cl\/wp-content\/uploads\/2026\/01\/DSC06199-1024x576.jpg 1024w, https:\/\/titulaciones.cftmaule.cl\/wp-content\/uploads\/2026\/01\/DSC06199-300x169.jpg 300w, https:\/\/titulaciones.cftmaule.cl\/wp-content\/uploads\/2026\/01\/DSC06199-768x432.jpg 768w, https:\/\/titulaciones.cftmaule.cl\/wp-content\/uploads\/2026\/01\/DSC06199-1536x864.jpg 1536w, https:\/\/titulaciones.cftmaule.cl\/wp-content\/uploads\/2026\/01\/DSC06199-2048x1152.jpg 2048w\" sizes=\"auto, (max-width: 1024px) 100vw, 1024px\" \/><button\n\t\t\tclass=\"lightbox-trigger\"\n\t\t\ttype=\"button\"\n\t\t\taria-haspopup=\"dialog\"\n\t\t\taria-label=\"Agrandar\"\n\t\t\tdata-wp-init=\"callbacks.initTriggerButton\"\n\t\t\tdata-wp-on--click=\"actions.showLightbox\"\n\t\t\tdata-wp-style--right=\"state.imageButtonRight\"\n\t\t\tdata-wp-style--top=\"state.imageButtonTop\"\n\t\t>\n\t\t\t<svg xmlns=\"http:\/\/www.w3.org\/2000\/svg\" width=\"12\" height=\"12\" fill=\"none\" viewBox=\"0 0 12 12\">\n\t\t\t\t<path fill=\"#fff\" d=\"M2 0a2 2 0 0 0-2 2v2h1.5V2a.5.5 0 0 1 .5-.5h2V0H2Zm2 10.5H2a.5.5 0 0 1-.5-.5V8H0v2a2 2 0 0 0 2 2h2v-1.5ZM8 12v-1.5h2a.5.5 0 0 0 .5-.5V8H12v2a2 2 0 0 1-2 2H8Zm2-12a2 2 0 0 1 2 2v2h-1.5V2a.5.5 0 0 0-.5-.5H8V0h2Z\" \/>\n\t\t\t<\/svg>\n\t\t<\/button><\/figure>\n\n\n\n<figure data-wp-context=\"{&quot;imageId&quot;:&quot;69fd0a7058f88&quot;}\" data-wp-interactive=\"core\/image\" data-wp-key=\"69fd0a7058f88\" class=\"wp-block-image size-large wp-lightbox-container\"><img loading=\"lazy\" decoding=\"async\" width=\"1024\" height=\"576\" data-wp-class--hide=\"state.isContentHidden\" data-wp-class--show=\"state.isContentVisible\" data-wp-init=\"callbacks.setButtonStyles\" data-wp-on--click=\"actions.showLightbox\" data-wp-on--load=\"callbacks.setButtonStyles\" data-wp-on-window--resize=\"callbacks.setButtonStyles\" data-id=\"356\" src=\"https:\/\/titulaciones.cftmaule.cl\/wp-content\/uploads\/2026\/01\/DSC06196-1024x576.jpg\" alt=\"\" class=\"wp-image-356\" srcset=\"https:\/\/titulaciones.cftmaule.cl\/wp-content\/uploads\/2026\/01\/DSC06196-1024x576.jpg 1024w, https:\/\/titulaciones.cftmaule.cl\/wp-content\/uploads\/2026\/01\/DSC06196-300x169.jpg 300w, https:\/\/titulaciones.cftmaule.cl\/wp-content\/uploads\/2026\/01\/DSC06196-768x432.jpg 768w, https:\/\/titulaciones.cftmaule.cl\/wp-content\/uploads\/2026\/01\/DSC06196-1536x864.jpg 1536w, https:\/\/titulaciones.cftmaule.cl\/wp-content\/uploads\/2026\/01\/DSC06196-2048x1152.jpg 2048w\" sizes=\"auto, (max-width: 1024px) 100vw, 1024px\" \/><button\n\t\t\tclass=\"lightbox-trigger\"\n\t\t\ttype=\"button\"\n\t\t\taria-haspopup=\"dialog\"\n\t\t\taria-label=\"Agrandar\"\n\t\t\tdata-wp-init=\"callbacks.initTriggerButton\"\n\t\t\tdata-wp-on--click=\"actions.showLightbox\"\n\t\t\tdata-wp-style--right=\"state.imageButtonRight\"\n\t\t\tdata-wp-style--top=\"state.imageButtonTop\"\n\t\t>\n\t\t\t<svg xmlns=\"http:\/\/www.w3.org\/2000\/svg\" width=\"12\" height=\"12\" fill=\"none\" viewBox=\"0 0 12 12\">\n\t\t\t\t<path fill=\"#fff\" d=\"M2 0a2 2 0 0 0-2 2v2h1.5V2a.5.5 0 0 1 .5-.5h2V0H2Zm2 10.5H2a.5.5 0 0 1-.5-.5V8H0v2a2 2 0 0 0 2 2h2v-1.5ZM8 12v-1.5h2a.5.5 0 0 0 .5-.5V8H12v2a2 2 0 0 1-2 2H8Zm2-12a2 2 0 0 1 2 2v2h-1.5V2a.5.5 0 0 0-.5-.5H8V0h2Z\" \/>\n\t\t\t<\/svg>\n\t\t<\/button><\/figure>\n\n\n\n<figure data-wp-context=\"{&quot;imageId&quot;:&quot;69fd0a70595bd&quot;}\" data-wp-interactive=\"core\/image\" data-wp-key=\"69fd0a70595bd\" class=\"wp-block-image size-large wp-lightbox-container\"><img loading=\"lazy\" decoding=\"async\" width=\"1024\" height=\"576\" data-wp-class--hide=\"state.isContentHidden\" data-wp-class--show=\"state.isContentVisible\" data-wp-init=\"callbacks.setButtonStyles\" data-wp-on--click=\"actions.showLightbox\" data-wp-on--load=\"callbacks.setButtonStyles\" data-wp-on-window--resize=\"callbacks.setButtonStyles\" data-id=\"359\" src=\"https:\/\/titulaciones.cftmaule.cl\/wp-content\/uploads\/2026\/01\/DSC06189-1024x576.jpg\" alt=\"\" class=\"wp-image-359\" srcset=\"https:\/\/titulaciones.cftmaule.cl\/wp-content\/uploads\/2026\/01\/DSC06189-1024x576.jpg 1024w, https:\/\/titulaciones.cftmaule.cl\/wp-content\/uploads\/2026\/01\/DSC06189-300x169.jpg 300w, https:\/\/titulaciones.cftmaule.cl\/wp-content\/uploads\/2026\/01\/DSC06189-768x432.jpg 768w, https:\/\/titulaciones.cftmaule.cl\/wp-content\/uploads\/2026\/01\/DSC06189-1536x864.jpg 1536w, https:\/\/titulaciones.cftmaule.cl\/wp-content\/uploads\/2026\/01\/DSC06189-2048x1152.jpg 2048w\" sizes=\"auto, (max-width: 1024px) 100vw, 1024px\" \/><button\n\t\t\tclass=\"lightbox-trigger\"\n\t\t\ttype=\"button\"\n\t\t\taria-haspopup=\"dialog\"\n\t\t\taria-label=\"Agrandar\"\n\t\t\tdata-wp-init=\"callbacks.initTriggerButton\"\n\t\t\tdata-wp-on--click=\"actions.showLightbox\"\n\t\t\tdata-wp-style--right=\"state.imageButtonRight\"\n\t\t\tdata-wp-style--top=\"state.imageButtonTop\"\n\t\t>\n\t\t\t<svg xmlns=\"http:\/\/www.w3.org\/2000\/svg\" width=\"12\" height=\"12\" fill=\"none\" viewBox=\"0 0 12 12\">\n\t\t\t\t<path fill=\"#fff\" d=\"M2 0a2 2 0 0 0-2 2v2h1.5V2a.5.5 0 0 1 .5-.5h2V0H2Zm2 10.5H2a.5.5 0 0 1-.5-.5V8H0v2a2 2 0 0 0 2 2h2v-1.5ZM8 12v-1.5h2a.5.5 0 0 0 .5-.5V8H12v2a2 2 0 0 1-2 2H8Zm2-12a2 2 0 0 1 2 2v2h-1.5V2a.5.5 0 0 0-.5-.5H8V0h2Z\" \/>\n\t\t\t<\/svg>\n\t\t<\/button><\/figure>\n\n\n\n<figure data-wp-context=\"{&quot;imageId&quot;:&quot;69fd0a7059bed&quot;}\" data-wp-interactive=\"core\/image\" data-wp-key=\"69fd0a7059bed\" class=\"wp-block-image size-large wp-lightbox-container\"><img loading=\"lazy\" decoding=\"async\" width=\"1024\" height=\"576\" data-wp-class--hide=\"state.isContentHidden\" data-wp-class--show=\"state.isContentVisible\" data-wp-init=\"callbacks.setButtonStyles\" data-wp-on--click=\"actions.showLightbox\" data-wp-on--load=\"callbacks.setButtonStyles\" data-wp-on-window--resize=\"callbacks.setButtonStyles\" data-id=\"358\" src=\"https:\/\/titulaciones.cftmaule.cl\/wp-content\/uploads\/2026\/01\/DSC06186-1024x576.jpg\" alt=\"\" class=\"wp-image-358\" srcset=\"https:\/\/titulaciones.cftmaule.cl\/wp-content\/uploads\/2026\/01\/DSC06186-1024x576.jpg 1024w, https:\/\/titulaciones.cftmaule.cl\/wp-content\/uploads\/2026\/01\/DSC06186-300x169.jpg 300w, https:\/\/titulaciones.cftmaule.cl\/wp-content\/uploads\/2026\/01\/DSC06186-768x432.jpg 768w, https:\/\/titulaciones.cftmaule.cl\/wp-content\/uploads\/2026\/01\/DSC06186-1536x864.jpg 1536w, https:\/\/titulaciones.cftmaule.cl\/wp-content\/uploads\/2026\/01\/DSC06186-2048x1152.jpg 2048w\" sizes=\"auto, (max-width: 1024px) 100vw, 1024px\" \/><button\n\t\t\tclass=\"lightbox-trigger\"\n\t\t\ttype=\"button\"\n\t\t\taria-haspopup=\"dialog\"\n\t\t\taria-label=\"Agrandar\"\n\t\t\tdata-wp-init=\"callbacks.initTriggerButton\"\n\t\t\tdata-wp-on--click=\"actions.showLightbox\"\n\t\t\tdata-wp-style--right=\"state.imageButtonRight\"\n\t\t\tdata-wp-style--top=\"state.imageButtonTop\"\n\t\t>\n\t\t\t<svg xmlns=\"http:\/\/www.w3.org\/2000\/svg\" width=\"12\" height=\"12\" fill=\"none\" viewBox=\"0 0 12 12\">\n\t\t\t\t<path fill=\"#fff\" d=\"M2 0a2 2 0 0 0-2 2v2h1.5V2a.5.5 0 0 1 .5-.5h2V0H2Zm2 10.5H2a.5.5 0 0 1-.5-.5V8H0v2a2 2 0 0 0 2 2h2v-1.5ZM8 12v-1.5h2a.5.5 0 0 0 .5-.5V8H12v2a2 2 0 0 1-2 2H8Zm2-12a2 2 0 0 1 2 2v2h-1.5V2a.5.5 0 0 0-.5-.5H8V0h2Z\" \/>\n\t\t\t<\/svg>\n\t\t<\/button><\/figure>\n\n\n\n<figure data-wp-context=\"{&quot;imageId&quot;:&quot;69fd0a705a227&quot;}\" data-wp-interactive=\"core\/image\" data-wp-key=\"69fd0a705a227\" class=\"wp-block-image size-large wp-lightbox-container\"><img loading=\"lazy\" decoding=\"async\" width=\"1024\" height=\"576\" data-wp-class--hide=\"state.isContentHidden\" data-wp-class--show=\"state.isContentVisible\" data-wp-init=\"callbacks.setButtonStyles\" data-wp-on--click=\"actions.showLightbox\" data-wp-on--load=\"callbacks.setButtonStyles\" data-wp-on-window--resize=\"callbacks.setButtonStyles\" data-id=\"360\" src=\"https:\/\/titulaciones.cftmaule.cl\/wp-content\/uploads\/2026\/01\/DSC06178-1024x576.jpg\" alt=\"\" class=\"wp-image-360\" srcset=\"https:\/\/titulaciones.cftmaule.cl\/wp-content\/uploads\/2026\/01\/DSC06178-1024x576.jpg 1024w, https:\/\/titulaciones.cftmaule.cl\/wp-content\/uploads\/2026\/01\/DSC06178-300x169.jpg 300w, https:\/\/titulaciones.cftmaule.cl\/wp-content\/uploads\/2026\/01\/DSC06178-768x432.jpg 768w, https:\/\/titulaciones.cftmaule.cl\/wp-content\/uploads\/2026\/01\/DSC06178-1536x864.jpg 1536w, https:\/\/titulaciones.cftmaule.cl\/wp-content\/uploads\/2026\/01\/DSC06178-2048x1152.jpg 2048w\" sizes=\"auto, (max-width: 1024px) 100vw, 1024px\" \/><button\n\t\t\tclass=\"lightbox-trigger\"\n\t\t\ttype=\"button\"\n\t\t\taria-haspopup=\"dialog\"\n\t\t\taria-label=\"Agrandar\"\n\t\t\tdata-wp-init=\"callbacks.initTriggerButton\"\n\t\t\tdata-wp-on--click=\"actions.showLightbox\"\n\t\t\tdata-wp-style--right=\"state.imageButtonRight\"\n\t\t\tdata-wp-style--top=\"state.imageButtonTop\"\n\t\t>\n\t\t\t<svg xmlns=\"http:\/\/www.w3.org\/2000\/svg\" width=\"12\" height=\"12\" fill=\"none\" viewBox=\"0 0 12 12\">\n\t\t\t\t<path fill=\"#fff\" d=\"M2 0a2 2 0 0 0-2 2v2h1.5V2a.5.5 0 0 1 .5-.5h2V0H2Zm2 10.5H2a.5.5 0 0 1-.5-.5V8H0v2a2 2 0 0 0 2 2h2v-1.5ZM8 12v-1.5h2a.5.5 0 0 0 .5-.5V8H12v2a2 2 0 0 1-2 2H8Zm2-12a2 2 0 0 1 2 2v2h-1.5V2a.5.5 0 0 0-.5-.5H8V0h2Z\" \/>\n\t\t\t<\/svg>\n\t\t<\/button><\/figure>\n<\/figure>\n","protected":false},"excerpt":{"rendered":"","protected":false},"author":1,"featured_media":0,"parent":0,"menu_order":0,"comment_status":"closed","ping_status":"closed","template":"","meta":{"footnotes":""},"class_list":["post-350","page","type-page","status-publish","hentry"],"_links":{"self":[{"href":"https:\/\/titulaciones.cftmaule.cl\/index.php?rest_route=\/wp\/v2\/pages\/350","targetHints":{"allow":["GET"]}}],"collection":[{"href":"https:\/\/titulaciones.cftmaule.cl\/index.php?rest_route=\/wp\/v2\/pages"}],"about":[{"href":"https:\/\/titulaciones.cftmaule.cl\/index.php?rest_route=\/wp\/v2\/types\/page"}],"author":[{"embeddable":true,"href":"https:\/\/titulaciones.cftmaule.cl\/index.php?rest_route=\/wp\/v2\/users\/1"}],"replies":[{"embeddable":true,"href":"https:\/\/titulaciones.cftmaule.cl\/index.php?rest_route=%2Fwp%2Fv2%2Fcomments&post=350"}],"version-history":[{"count":2,"href":"https:\/\/titulaciones.cftmaule.cl\/index.php?rest_route=\/wp\/v2\/pages\/350\/revisions"}],"predecessor-version":[{"id":362,"href":"https:\/\/titulaciones.cftmaule.cl\/index.php?rest_route=\/wp\/v2\/pages\/350\/revisions\/362"}],"wp:attachment":[{"href":"https:\/\/titulaciones.cftmaule.cl\/index.php?rest_route=%2Fwp%2Fv2%2Fmedia&parent=350"}],"curies":[{"name":"wp","href":"https:\/\/api.w.org\/{rel}","templated":true}]}}